{"id":108,"date":"2016-10-16T00:19:51","date_gmt":"2016-10-15T22:19:51","guid":{"rendered":"http:\/\/promlek.pl\/?page_id=108"},"modified":"2019-11-25T20:12:40","modified_gmt":"2019-11-25T19:12:40","slug":"polecenia","status":"publish","type":"page","link":"https:\/\/promlek.pl\/?page_id=108","title":{"rendered":"Wyr\u00f3\u017cnienia"},"content":{"rendered":"<p>Staramy si\u0119 pomaga\u0107 wszystkim i dzi\u0119kujemy za rekomendacj\u0119<\/p>\n\n\n<ul class=\"wp-block-gallery columns-1 is-cropped wp-block-gallery-1 is-layout-flex wp-block-gallery-is-layout-flex\"><li class=\"blocks-gallery-item\"><figure><img loading=\"lazy\" decoding=\"async\" width=\"768\" height=\"1024\" src=\"http:\/\/promlek.pl\/wp-content\/uploads\/2019\/10\/IMG_1440-e1571839232478-768x1024.jpg\" alt=\"\" data-id=\"289\" class=\"wp-image-289\" srcset=\"https:\/\/promlek.pl\/wp-content\/uploads\/2019\/10\/IMG_1440-e1571839232478-768x1024.jpg 768w, https:\/\/promlek.pl\/wp-content\/uploads\/2019\/10\/IMG_1440-e1571839232478-225x300.jpg 225w\" sizes=\"auto, (max-width: 768px) 100vw, 768px\" \/><\/figure><\/li><\/ul>\n\n\n\n<figure class=\"wp-block-image\"><img loading=\"lazy\" decoding=\"async\" width=\"768\" height=\"1024\" src=\"http:\/\/promlek.pl\/wp-content\/uploads\/2019\/11\/DSC01724-Kopia-e1574708791622-768x1024.jpg\" alt=\"\" class=\"wp-image-370\" srcset=\"https:\/\/promlek.pl\/wp-content\/uploads\/2019\/11\/DSC01724-Kopia-e1574708791622-768x1024.jpg 768w, https:\/\/promlek.pl\/wp-content\/uploads\/2019\/11\/DSC01724-Kopia-e1574708791622-225x300.jpg 225w\" sizes=\"auto, (max-width: 768px) 100vw, 768px\" \/><\/figure>\n\n\n\n<figure class=\"wp-block-image\"><img loading=\"lazy\" decoding=\"async\" width=\"768\" height=\"1024\" src=\"http:\/\/promlek.pl\/wp-content\/uploads\/2019\/11\/DSC01725-Kopia-e1574708761200-768x1024.jpg\" alt=\"\" class=\"wp-image-371\" srcset=\"https:\/\/promlek.pl\/wp-content\/uploads\/2019\/11\/DSC01725-Kopia-e1574708761200-768x1024.jpg 768w, https:\/\/promlek.pl\/wp-content\/uploads\/2019\/11\/DSC01725-Kopia-e1574708761200-225x300.jpg 225w\" sizes=\"auto, (max-width: 768px) 100vw, 768px\" \/><\/figure>\n\n\n\n<figure class=\"wp-block-image\"><img loading=\"lazy\" decoding=\"async\" width=\"768\" height=\"1024\" src=\"http:\/\/promlek.pl\/wp-content\/uploads\/2019\/11\/DSC01726-Kopia-e1574708741368-768x1024.jpg\" alt=\"\" class=\"wp-image-372\" srcset=\"https:\/\/promlek.pl\/wp-content\/uploads\/2019\/11\/DSC01726-Kopia-e1574708741368-768x1024.jpg 768w, https:\/\/promlek.pl\/wp-content\/uploads\/2019\/11\/DSC01726-Kopia-e1574708741368-225x300.jpg 225w\" sizes=\"auto, (max-width: 768px) 100vw, 768px\" \/><\/figure>\n\n\n\n<figure class=\"wp-block-image\"><img loading=\"lazy\" decoding=\"async\" width=\"768\" height=\"1024\" src=\"http:\/\/promlek.pl\/wp-content\/uploads\/2019\/11\/DSC01727-Kopia-e1574708714263-768x1024.jpg\" alt=\"\" class=\"wp-image-373\" srcset=\"https:\/\/promlek.pl\/wp-content\/uploads\/2019\/11\/DSC01727-Kopia-e1574708714263-768x1024.jpg 768w, https:\/\/promlek.pl\/wp-content\/uploads\/2019\/11\/DSC01727-Kopia-e1574708714263-225x300.jpg 225w\" sizes=\"auto, (max-width: 768px) 100vw, 768px\" \/><\/figure>\n\n\n\n<figure class=\"wp-block-image\"><img loading=\"lazy\" decoding=\"async\" width=\"768\" height=\"1024\" src=\"http:\/\/promlek.pl\/wp-content\/uploads\/2019\/11\/DSC01728-Kopia-e1574708688489-768x1024.jpg\" alt=\"\" class=\"wp-image-374\" srcset=\"https:\/\/promlek.pl\/wp-content\/uploads\/2019\/11\/DSC01728-Kopia-e1574708688489-768x1024.jpg 768w, https:\/\/promlek.pl\/wp-content\/uploads\/2019\/11\/DSC01728-Kopia-e1574708688489-225x300.jpg 225w\" sizes=\"auto, (max-width: 768px) 100vw, 768px\" \/><\/figure>\n\n\n\n<figure class=\"wp-block-image\"><img loading=\"lazy\" decoding=\"async\" width=\"768\" height=\"1024\" src=\"http:\/\/promlek.pl\/wp-content\/uploads\/2019\/11\/DSC01723-Kopia-e1574708823970-768x1024.jpg\" alt=\"\" class=\"wp-image-369\" srcset=\"https:\/\/promlek.pl\/wp-content\/uploads\/2019\/11\/DSC01723-Kopia-e1574708823970-768x1024.jpg 768w, https:\/\/promlek.pl\/wp-content\/uploads\/2019\/11\/DSC01723-Kopia-e1574708823970-225x300.jpg 225w\" sizes=\"auto, (max-width: 768px) 100vw, 768px\" \/><\/figure>\n","protected":false},"excerpt":{"rendered":"<p>Staramy si\u0119 pomaga\u0107 wszystkim i dzi\u0119kujemy za rekomendacj\u0119<\/p>\n","protected":false},"author":1,"featured_media":0,"parent":0,"menu_order":0,"comment_status":"closed","ping_status":"closed","template":"","meta":{"footnotes":""},"class_list":["post-108","page","type-page","status-publish","hentry"],"_links":{"self":[{"href":"https:\/\/promlek.pl\/index.php?rest_route=\/wp\/v2\/pages\/108","targetHints":{"allow":["GET"]}}],"collection":[{"href":"https:\/\/promlek.pl\/index.php?rest_route=\/wp\/v2\/pages"}],"about":[{"href":"https:\/\/promlek.pl\/index.php?rest_route=\/wp\/v2\/types\/page"}],"author":[{"embeddable":true,"href":"https:\/\/promlek.pl\/index.php?rest_route=\/wp\/v2\/users\/1"}],"replies":[{"embeddable":true,"href":"https:\/\/promlek.pl\/index.php?rest_route=%2Fwp%2Fv2%2Fcomments&post=108"}],"version-history":[{"count":0,"href":"https:\/\/promlek.pl\/index.php?rest_route=\/wp\/v2\/pages\/108\/revisions"}],"wp:attachment":[{"href":"https:\/\/promlek.pl\/index.php?rest_route=%2Fwp%2Fv2%2Fmedia&parent=108"}],"curies":[{"name":"wp","href":"https:\/\/api.w.org\/{rel}","templated":true}]}}