{"id":29,"date":"2016-10-15T19:51:50","date_gmt":"2016-10-15T17:51:50","guid":{"rendered":"http:\/\/promlek.pl\/?page_id=29"},"modified":"2022-08-24T07:50:04","modified_gmt":"2022-08-24T05:50:04","slug":"promlek-o-nas","status":"publish","type":"page","link":"https:\/\/promlek.pl\/","title":{"rendered":"O nas&#8230;"},"content":{"rendered":"<p>G\u0142\u00f3wnym celem nowego programu o nazwie \u201eProgram dla szk\u00f3\u0142 \u201d jest trwa\u0142a zmiana nawyk\u00f3w \u017cywieniowych dzieci poprzez zwi\u0119kszenie udzia\u0142u owoc\u00f3w i warzyw oraz mleka\u00a0 w ich codziennej diecie oraz propagowanie zdrowego od\u017cywiania poprzez dzia\u0142ania towarzysz\u0105ce o charakterze edukacyjnym realizowane w szko\u0142ach podstawowych<\/p>\n<p><img loading=\"lazy\" decoding=\"async\" class=\"alignnone wp-image-140\" src=\"http:\/\/promlek.pl\/wp-content\/uploads\/2016\/10\/owoce-i-warzywa-w-diecie-psa-2-300x188.jpeg\" alt=\"owoce-i-warzywa-w-diecie-psa-2\" width=\"209\" height=\"131\" srcset=\"https:\/\/promlek.pl\/wp-content\/uploads\/2016\/10\/owoce-i-warzywa-w-diecie-psa-2-300x188.jpeg 300w, https:\/\/promlek.pl\/wp-content\/uploads\/2016\/10\/owoce-i-warzywa-w-diecie-psa-2-768x482.jpeg 768w, https:\/\/promlek.pl\/wp-content\/uploads\/2016\/10\/owoce-i-warzywa-w-diecie-psa-2-1024x642.jpeg 1024w\" sizes=\"auto, (max-width: 209px) 100vw, 209px\" \/> <img loading=\"lazy\" decoding=\"async\" class=\"alignnone size-medium wp-image-143\" src=\"http:\/\/promlek.pl\/wp-content\/uploads\/2016\/10\/1-300x126.png\" alt=\"1\" width=\"300\" height=\"126\" srcset=\"https:\/\/promlek.pl\/wp-content\/uploads\/2016\/10\/1-300x126.png 300w, https:\/\/promlek.pl\/wp-content\/uploads\/2016\/10\/1-768x323.png 768w, https:\/\/promlek.pl\/wp-content\/uploads\/2016\/10\/1-1024x430.png 1024w, https:\/\/promlek.pl\/wp-content\/uploads\/2016\/10\/1.png 1100w\" sizes=\"auto, (max-width: 300px) 100vw, 300px\" \/><\/p>\n<p>W roku szkolnym 2022\/2023 w programie b\u0119dzie mog\u0142y uczestniczy\u0107 dzieci ucz\u0119szczaj\u0105ce regularnie do szk\u00f3\u0142 podstawowych z klas I-V .Dzieciom uczestnicz\u0105cym w programie udost\u0119pnia si\u0119 3 lub 4 razy w tygodniu \u015bwie\u017ce owoce i warzywa oraz produkty mleczne\u00a0 . Warunkiem realizowania dostaw jest podpisanie umowy z nasz\u0105 firm\u0105<\/p>\n","protected":false},"excerpt":{"rendered":"<p>G\u0142\u00f3wnym celem nowego programu o nazwie \u201eProgram dla szk\u00f3\u0142 \u201d jest trwa\u0142a zmiana nawyk\u00f3w \u017cywieniowych dzieci poprzez zwi\u0119kszenie udzia\u0142u owoc\u00f3w i warzyw oraz mleka\u00a0 w ich codziennej diecie oraz propagowanie zdrowego od\u017cywiania poprzez dzia\u0142ania towarzysz\u0105ce o charakterze edukacyjnym realizowane w<\/p>\n","protected":false},"author":1,"featured_media":0,"parent":0,"menu_order":0,"comment_status":"closed","ping_status":"closed","template":"","meta":{"footnotes":""},"class_list":["post-29","page","type-page","status-publish","hentry"],"_links":{"self":[{"href":"https:\/\/promlek.pl\/index.php?rest_route=\/wp\/v2\/pages\/29","targetHints":{"allow":["GET"]}}],"collection":[{"href":"https:\/\/promlek.pl\/index.php?rest_route=\/wp\/v2\/pages"}],"about":[{"href":"https:\/\/promlek.pl\/index.php?rest_route=\/wp\/v2\/types\/page"}],"author":[{"embeddable":true,"href":"https:\/\/promlek.pl\/index.php?rest_route=\/wp\/v2\/users\/1"}],"replies":[{"embeddable":true,"href":"https:\/\/promlek.pl\/index.php?rest_route=%2Fwp%2Fv2%2Fcomments&post=29"}],"version-history":[{"count":0,"href":"https:\/\/promlek.pl\/index.php?rest_route=\/wp\/v2\/pages\/29\/revisions"}],"wp:attachment":[{"href":"https:\/\/promlek.pl\/index.php?rest_route=%2Fwp%2Fv2%2Fmedia&parent=29"}],"curies":[{"name":"wp","href":"https:\/\/api.w.org\/{rel}","templated":true}]}}