{"id":327,"date":"2019-10-28T08:24:07","date_gmt":"2019-10-28T07:24:07","guid":{"rendered":"http:\/\/promlek.pl\/?page_id=327"},"modified":"2020-11-19T14:27:20","modified_gmt":"2020-11-19T13:27:20","slug":"konkursy","status":"publish","type":"page","link":"https:\/\/promlek.pl\/?page_id=327","title":{"rendered":"Konkursy"},"content":{"rendered":"<h3>Zesp\u00f3\u0142 Szk\u00f3\u0142 w Giedlarowej&nbsp;<\/h3>\n<p>prace uczni\u00f3w z klasy I-III oraz zaj\u0119cia kulinarne 28 Stycze\u0144 2020 r.<\/p>\n<p><\/p>\n\n\n<figure class=\"wp-block-gallery columns-3 is-cropped wp-block-gallery-1 is-layout-flex wp-block-gallery-is-layout-flex\"><ul class=\"blocks-gallery-grid\"><li class=\"blocks-gallery-item\"><figure><img loading=\"lazy\" decoding=\"async\" width=\"1024\" height=\"768\" src=\"http:\/\/promlek.pl\/wp-content\/uploads\/2020\/11\/IMG_1961-scaled-e1605790165878-1024x768.jpg\" alt=\"\" data-id=\"388\" data-full-url=\"http:\/\/promlek.pl\/wp-content\/uploads\/2020\/11\/IMG_1961-scaled-e1605790165878.jpg\" data-link=\"http:\/\/promlek.pl\/?attachment_id=388\" class=\"wp-image-388\" srcset=\"https:\/\/promlek.pl\/wp-content\/uploads\/2020\/11\/IMG_1961-scaled-e1605790165878-1024x768.jpg 1024w, https:\/\/promlek.pl\/wp-content\/uploads\/2020\/11\/IMG_1961-scaled-e1605790165878-300x225.jpg 300w, https:\/\/promlek.pl\/wp-content\/uploads\/2020\/11\/IMG_1961-scaled-e1605790165878-768x576.jpg 768w, https:\/\/promlek.pl\/wp-content\/uploads\/2020\/11\/IMG_1961-scaled-e1605790165878-1536x1152.jpg 1536w, https:\/\/promlek.pl\/wp-content\/uploads\/2020\/11\/IMG_1961-scaled-e1605790165878-2048x1536.jpg 2048w\" sizes=\"auto, (max-width: 1024px) 100vw, 1024px\" \/><\/figure><\/li><li class=\"blocks-gallery-item\"><figure><img loading=\"lazy\" decoding=\"async\" width=\"768\" height=\"1024\" src=\"http:\/\/promlek.pl\/wp-content\/uploads\/2020\/11\/IMG_1962-768x1024.jpg\" alt=\"\" data-id=\"384\" data-full-url=\"http:\/\/promlek.pl\/wp-content\/uploads\/2020\/11\/IMG_1962-scaled.jpg\" data-link=\"http:\/\/promlek.pl\/?attachment_id=384\" class=\"wp-image-384\" srcset=\"https:\/\/promlek.pl\/wp-content\/uploads\/2020\/11\/IMG_1962-768x1024.jpg 768w, https:\/\/promlek.pl\/wp-content\/uploads\/2020\/11\/IMG_1962-225x300.jpg 225w, https:\/\/promlek.pl\/wp-content\/uploads\/2020\/11\/IMG_1962-1152x1536.jpg 1152w, https:\/\/promlek.pl\/wp-content\/uploads\/2020\/11\/IMG_1962-1536x2048.jpg 1536w, https:\/\/promlek.pl\/wp-content\/uploads\/2020\/11\/IMG_1962-scaled.jpg 1920w\" sizes=\"auto, (max-width: 768px) 100vw, 768px\" \/><\/figure><\/li><li class=\"blocks-gallery-item\"><figure><img loading=\"lazy\" decoding=\"async\" width=\"1024\" height=\"768\" src=\"http:\/\/promlek.pl\/wp-content\/uploads\/2020\/11\/IMG_1963-scaled-e1605789837703-1024x768.jpg\" alt=\"\" data-id=\"383\" data-full-url=\"http:\/\/promlek.pl\/wp-content\/uploads\/2020\/11\/IMG_1963-scaled-e1605789837703.jpg\" data-link=\"http:\/\/promlek.pl\/?attachment_id=383\" class=\"wp-image-383\" srcset=\"https:\/\/promlek.pl\/wp-content\/uploads\/2020\/11\/IMG_1963-scaled-e1605789837703-1024x768.jpg 1024w, https:\/\/promlek.pl\/wp-content\/uploads\/2020\/11\/IMG_1963-scaled-e1605789837703-300x225.jpg 300w, https:\/\/promlek.pl\/wp-content\/uploads\/2020\/11\/IMG_1963-scaled-e1605789837703-768x576.jpg 768w, https:\/\/promlek.pl\/wp-content\/uploads\/2020\/11\/IMG_1963-scaled-e1605789837703-1536x1152.jpg 1536w, https:\/\/promlek.pl\/wp-content\/uploads\/2020\/11\/IMG_1963-scaled-e1605789837703-2048x1536.jpg 2048w\" sizes=\"auto, (max-width: 1024px) 100vw, 1024px\" \/><\/figure><\/li><li class=\"blocks-gallery-item\"><figure><img loading=\"lazy\" decoding=\"async\" width=\"1024\" height=\"768\" src=\"http:\/\/promlek.pl\/wp-content\/uploads\/2020\/11\/IMG_1964-scaled-e1605790358746-1024x768.jpg\" alt=\"\" data-id=\"385\" data-full-url=\"http:\/\/promlek.pl\/wp-content\/uploads\/2020\/11\/IMG_1964-scaled-e1605790358746.jpg\" data-link=\"http:\/\/promlek.pl\/?attachment_id=385\" class=\"wp-image-385\" srcset=\"https:\/\/promlek.pl\/wp-content\/uploads\/2020\/11\/IMG_1964-scaled-e1605790358746-1024x768.jpg 1024w, https:\/\/promlek.pl\/wp-content\/uploads\/2020\/11\/IMG_1964-scaled-e1605790358746-300x225.jpg 300w, https:\/\/promlek.pl\/wp-content\/uploads\/2020\/11\/IMG_1964-scaled-e1605790358746-768x576.jpg 768w, https:\/\/promlek.pl\/wp-content\/uploads\/2020\/11\/IMG_1964-scaled-e1605790358746-1536x1152.jpg 1536w, https:\/\/promlek.pl\/wp-content\/uploads\/2020\/11\/IMG_1964-scaled-e1605790358746-2048x1536.jpg 2048w\" sizes=\"auto, (max-width: 1024px) 100vw, 1024px\" \/><\/figure><\/li><li class=\"blocks-gallery-item\"><figure><img loading=\"lazy\" decoding=\"async\" width=\"1024\" height=\"768\" src=\"http:\/\/promlek.pl\/wp-content\/uploads\/2020\/11\/IMG_1967-scaled-1024x768.jpg\" alt=\"\" data-id=\"387\" data-full-url=\"http:\/\/promlek.pl\/wp-content\/uploads\/2020\/11\/IMG_1967-scaled-e1605790230419.jpg\" data-link=\"http:\/\/promlek.pl\/?attachment_id=387\" class=\"wp-image-387\"\/><\/figure><\/li><li class=\"blocks-gallery-item\"><figure><img loading=\"lazy\" decoding=\"async\" width=\"1024\" height=\"768\" src=\"http:\/\/promlek.pl\/wp-content\/uploads\/2020\/11\/IMG_1965-scaled-e1605790294537-1024x768.jpg\" alt=\"\" data-id=\"386\" data-full-url=\"http:\/\/promlek.pl\/wp-content\/uploads\/2020\/11\/IMG_1965-scaled-e1605790294537.jpg\" data-link=\"http:\/\/promlek.pl\/?attachment_id=386\" class=\"wp-image-386\" srcset=\"https:\/\/promlek.pl\/wp-content\/uploads\/2020\/11\/IMG_1965-scaled-e1605790294537-1024x768.jpg 1024w, https:\/\/promlek.pl\/wp-content\/uploads\/2020\/11\/IMG_1965-scaled-e1605790294537-300x225.jpg 300w, https:\/\/promlek.pl\/wp-content\/uploads\/2020\/11\/IMG_1965-scaled-e1605790294537-768x576.jpg 768w, https:\/\/promlek.pl\/wp-content\/uploads\/2020\/11\/IMG_1965-scaled-e1605790294537-1536x1152.jpg 1536w, https:\/\/promlek.pl\/wp-content\/uploads\/2020\/11\/IMG_1965-scaled-e1605790294537-2048x1536.jpg 2048w\" sizes=\"auto, (max-width: 1024px) 100vw, 1024px\" \/><\/figure><\/li><li class=\"blocks-gallery-item\"><figure><img loading=\"lazy\" decoding=\"async\" width=\"1024\" height=\"768\" src=\"http:\/\/promlek.pl\/wp-content\/uploads\/2020\/11\/IMG_1971-scaled-e1605789920981-1024x768.jpg\" alt=\"\" data-id=\"392\" data-full-url=\"http:\/\/promlek.pl\/wp-content\/uploads\/2020\/11\/IMG_1971-scaled-e1605789920981.jpg\" data-link=\"http:\/\/promlek.pl\/?attachment_id=392\" class=\"wp-image-392\" srcset=\"https:\/\/promlek.pl\/wp-content\/uploads\/2020\/11\/IMG_1971-scaled-e1605789920981-1024x768.jpg 1024w, https:\/\/promlek.pl\/wp-content\/uploads\/2020\/11\/IMG_1971-scaled-e1605789920981-300x225.jpg 300w, https:\/\/promlek.pl\/wp-content\/uploads\/2020\/11\/IMG_1971-scaled-e1605789920981-768x576.jpg 768w, https:\/\/promlek.pl\/wp-content\/uploads\/2020\/11\/IMG_1971-scaled-e1605789920981-1536x1152.jpg 1536w, https:\/\/promlek.pl\/wp-content\/uploads\/2020\/11\/IMG_1971-scaled-e1605789920981-2048x1536.jpg 2048w\" sizes=\"auto, (max-width: 1024px) 100vw, 1024px\" \/><\/figure><\/li><li class=\"blocks-gallery-item\"><figure><img loading=\"lazy\" decoding=\"async\" width=\"1024\" height=\"768\" src=\"http:\/\/promlek.pl\/wp-content\/uploads\/2020\/11\/IMG_1970-scaled-e1605789995511-1024x768.jpg\" alt=\"\" data-id=\"391\" data-full-url=\"http:\/\/promlek.pl\/wp-content\/uploads\/2020\/11\/IMG_1970-scaled-e1605789995511.jpg\" data-link=\"http:\/\/promlek.pl\/?attachment_id=391\" class=\"wp-image-391\" srcset=\"https:\/\/promlek.pl\/wp-content\/uploads\/2020\/11\/IMG_1970-scaled-e1605789995511-1024x768.jpg 1024w, https:\/\/promlek.pl\/wp-content\/uploads\/2020\/11\/IMG_1970-scaled-e1605789995511-300x225.jpg 300w, https:\/\/promlek.pl\/wp-content\/uploads\/2020\/11\/IMG_1970-scaled-e1605789995511-768x576.jpg 768w, https:\/\/promlek.pl\/wp-content\/uploads\/2020\/11\/IMG_1970-scaled-e1605789995511-1536x1152.jpg 1536w, https:\/\/promlek.pl\/wp-content\/uploads\/2020\/11\/IMG_1970-scaled-e1605789995511-2048x1536.jpg 2048w\" sizes=\"auto, (max-width: 1024px) 100vw, 1024px\" \/><\/figure><\/li><li class=\"blocks-gallery-item\"><figure><img loading=\"lazy\" decoding=\"async\" width=\"768\" height=\"1024\" src=\"http:\/\/promlek.pl\/wp-content\/uploads\/2020\/11\/IMG_1969-scaled-e1605790046794-768x1024.jpg\" alt=\"\" data-id=\"390\" data-full-url=\"http:\/\/promlek.pl\/wp-content\/uploads\/2020\/11\/IMG_1969-scaled-e1605790046794.jpg\" data-link=\"http:\/\/promlek.pl\/?attachment_id=390\" class=\"wp-image-390\" srcset=\"https:\/\/promlek.pl\/wp-content\/uploads\/2020\/11\/IMG_1969-scaled-e1605790046794-768x1024.jpg 768w, https:\/\/promlek.pl\/wp-content\/uploads\/2020\/11\/IMG_1969-scaled-e1605790046794-225x300.jpg 225w, https:\/\/promlek.pl\/wp-content\/uploads\/2020\/11\/IMG_1969-scaled-e1605790046794-1152x1536.jpg 1152w, https:\/\/promlek.pl\/wp-content\/uploads\/2020\/11\/IMG_1969-scaled-e1605790046794-1536x2048.jpg 1536w, https:\/\/promlek.pl\/wp-content\/uploads\/2020\/11\/IMG_1969-scaled-e1605790046794.jpg 1920w\" sizes=\"auto, (max-width: 768px) 100vw, 768px\" \/><\/figure><\/li><li class=\"blocks-gallery-item\"><figure><img loading=\"lazy\" decoding=\"async\" width=\"1024\" height=\"768\" src=\"http:\/\/promlek.pl\/wp-content\/uploads\/2020\/11\/IMG_1968-scaled-e1605790099859-1024x768.jpg\" alt=\"\" data-id=\"389\" data-full-url=\"http:\/\/promlek.pl\/wp-content\/uploads\/2020\/11\/IMG_1968-scaled-e1605790099859.jpg\" data-link=\"http:\/\/promlek.pl\/?attachment_id=389\" class=\"wp-image-389\" srcset=\"https:\/\/promlek.pl\/wp-content\/uploads\/2020\/11\/IMG_1968-scaled-e1605790099859-1024x768.jpg 1024w, https:\/\/promlek.pl\/wp-content\/uploads\/2020\/11\/IMG_1968-scaled-e1605790099859-300x225.jpg 300w, https:\/\/promlek.pl\/wp-content\/uploads\/2020\/11\/IMG_1968-scaled-e1605790099859-768x576.jpg 768w, https:\/\/promlek.pl\/wp-content\/uploads\/2020\/11\/IMG_1968-scaled-e1605790099859-1536x1152.jpg 1536w, https:\/\/promlek.pl\/wp-content\/uploads\/2020\/11\/IMG_1968-scaled-e1605790099859-2048x1536.jpg 2048w\" sizes=\"auto, (max-width: 1024px) 100vw, 1024px\" \/><\/figure><\/li><\/ul><\/figure>\n\n\n<p>zaj\u0119cia kulinarne z uczniami&nbsp;<\/p>\n\n\n<figure class=\"wp-block-gallery columns-3 is-cropped wp-block-gallery-2 is-layout-flex wp-block-gallery-is-layout-flex\"><ul class=\"blocks-gallery-grid\"><li class=\"blocks-gallery-item\"><figure><img loading=\"lazy\" decoding=\"async\" width=\"768\" height=\"1024\" src=\"http:\/\/promlek.pl\/wp-content\/uploads\/2020\/11\/IMG_1979-768x1024.jpg\" alt=\"\" data-id=\"393\" data-full-url=\"http:\/\/promlek.pl\/wp-content\/uploads\/2020\/11\/IMG_1979-scaled.jpg\" data-link=\"http:\/\/promlek.pl\/?attachment_id=393\" class=\"wp-image-393\" srcset=\"https:\/\/promlek.pl\/wp-content\/uploads\/2020\/11\/IMG_1979-768x1024.jpg 768w, https:\/\/promlek.pl\/wp-content\/uploads\/2020\/11\/IMG_1979-225x300.jpg 225w, https:\/\/promlek.pl\/wp-content\/uploads\/2020\/11\/IMG_1979-1152x1536.jpg 1152w, https:\/\/promlek.pl\/wp-content\/uploads\/2020\/11\/IMG_1979-1536x2048.jpg 1536w, https:\/\/promlek.pl\/wp-content\/uploads\/2020\/11\/IMG_1979-scaled.jpg 1920w\" sizes=\"auto, (max-width: 768px) 100vw, 768px\" \/><\/figure><\/li><li class=\"blocks-gallery-item\"><figure><img loading=\"lazy\" decoding=\"async\" width=\"768\" height=\"1024\" src=\"http:\/\/promlek.pl\/wp-content\/uploads\/2020\/11\/IMG_1993-768x1024.jpg\" alt=\"\" data-id=\"397\" data-full-url=\"http:\/\/promlek.pl\/wp-content\/uploads\/2020\/11\/IMG_1993-scaled.jpg\" data-link=\"http:\/\/promlek.pl\/?attachment_id=397\" class=\"wp-image-397\" srcset=\"https:\/\/promlek.pl\/wp-content\/uploads\/2020\/11\/IMG_1993-768x1024.jpg 768w, https:\/\/promlek.pl\/wp-content\/uploads\/2020\/11\/IMG_1993-225x300.jpg 225w, https:\/\/promlek.pl\/wp-content\/uploads\/2020\/11\/IMG_1993-1152x1536.jpg 1152w, https:\/\/promlek.pl\/wp-content\/uploads\/2020\/11\/IMG_1993-1536x2048.jpg 1536w, https:\/\/promlek.pl\/wp-content\/uploads\/2020\/11\/IMG_1993-scaled.jpg 1920w\" sizes=\"auto, (max-width: 768px) 100vw, 768px\" \/><\/figure><\/li><li class=\"blocks-gallery-item\"><figure><img loading=\"lazy\" decoding=\"async\" width=\"768\" height=\"1024\" src=\"http:\/\/promlek.pl\/wp-content\/uploads\/2020\/11\/IMG_1990-768x1024.jpg\" alt=\"\" data-id=\"396\" data-full-url=\"http:\/\/promlek.pl\/wp-content\/uploads\/2020\/11\/IMG_1990-scaled.jpg\" data-link=\"http:\/\/promlek.pl\/?attachment_id=396\" class=\"wp-image-396\" srcset=\"https:\/\/promlek.pl\/wp-content\/uploads\/2020\/11\/IMG_1990-768x1024.jpg 768w, https:\/\/promlek.pl\/wp-content\/uploads\/2020\/11\/IMG_1990-225x300.jpg 225w, https:\/\/promlek.pl\/wp-content\/uploads\/2020\/11\/IMG_1990-1152x1536.jpg 1152w, https:\/\/promlek.pl\/wp-content\/uploads\/2020\/11\/IMG_1990-1536x2048.jpg 1536w, https:\/\/promlek.pl\/wp-content\/uploads\/2020\/11\/IMG_1990-scaled.jpg 1920w\" sizes=\"auto, (max-width: 768px) 100vw, 768px\" \/><\/figure><\/li><li class=\"blocks-gallery-item\"><figure><img loading=\"lazy\" decoding=\"async\" width=\"768\" height=\"1024\" src=\"http:\/\/promlek.pl\/wp-content\/uploads\/2020\/11\/IMG_1991-768x1024.jpg\" alt=\"\" data-id=\"395\" data-full-url=\"http:\/\/promlek.pl\/wp-content\/uploads\/2020\/11\/IMG_1991-scaled.jpg\" data-link=\"http:\/\/promlek.pl\/?attachment_id=395\" class=\"wp-image-395\" srcset=\"https:\/\/promlek.pl\/wp-content\/uploads\/2020\/11\/IMG_1991-768x1024.jpg 768w, https:\/\/promlek.pl\/wp-content\/uploads\/2020\/11\/IMG_1991-225x300.jpg 225w, https:\/\/promlek.pl\/wp-content\/uploads\/2020\/11\/IMG_1991-1152x1536.jpg 1152w, https:\/\/promlek.pl\/wp-content\/uploads\/2020\/11\/IMG_1991-1536x2048.jpg 1536w, https:\/\/promlek.pl\/wp-content\/uploads\/2020\/11\/IMG_1991-scaled.jpg 1920w\" sizes=\"auto, (max-width: 768px) 100vw, 768px\" \/><\/figure><\/li><li class=\"blocks-gallery-item\"><figure><img loading=\"lazy\" decoding=\"async\" width=\"768\" height=\"1024\" src=\"http:\/\/promlek.pl\/wp-content\/uploads\/2020\/11\/IMG_1989-768x1024.jpg\" alt=\"\" data-id=\"394\" data-full-url=\"http:\/\/promlek.pl\/wp-content\/uploads\/2020\/11\/IMG_1989-scaled.jpg\" data-link=\"http:\/\/promlek.pl\/?attachment_id=394\" class=\"wp-image-394\" srcset=\"https:\/\/promlek.pl\/wp-content\/uploads\/2020\/11\/IMG_1989-768x1024.jpg 768w, https:\/\/promlek.pl\/wp-content\/uploads\/2020\/11\/IMG_1989-225x300.jpg 225w, https:\/\/promlek.pl\/wp-content\/uploads\/2020\/11\/IMG_1989-1152x1536.jpg 1152w, https:\/\/promlek.pl\/wp-content\/uploads\/2020\/11\/IMG_1989-1536x2048.jpg 1536w, https:\/\/promlek.pl\/wp-content\/uploads\/2020\/11\/IMG_1989-scaled.jpg 1920w\" sizes=\"auto, (max-width: 768px) 100vw, 768px\" \/><\/figure><\/li><\/ul><\/figure>\n\n\n\n<h2 class=\"wp-block-heading\">Szko\u0142a Podstawowa nr 3 im.ks.kard.S. Wyszy\u0144skiego                w Le\u017cajsku     29 Pa\u017cdziernik 2019 r.<\/h2>\n\n\n\n<div class=\"wp-block-image\"><figure class=\"aligncenter\"><img loading=\"lazy\" decoding=\"async\" width=\"1024\" height=\"768\" src=\"http:\/\/promlek.pl\/wp-content\/uploads\/2019\/11\/IMG_1477-1024x768.jpg\" alt=\"\" class=\"wp-image-351\" srcset=\"https:\/\/promlek.pl\/wp-content\/uploads\/2019\/11\/IMG_1477-1024x768.jpg 1024w, https:\/\/promlek.pl\/wp-content\/uploads\/2019\/11\/IMG_1477-300x225.jpg 300w, https:\/\/promlek.pl\/wp-content\/uploads\/2019\/11\/IMG_1477-768x576.jpg 768w\" sizes=\"auto, (max-width: 1024px) 100vw, 1024px\" \/><figcaption><strong>Konkurs pod has\u0142em ,,Dbamy o swoj\u0105 planet\u0119 nie marnujemy \u017cywno\u015bci &#8221;<\/strong><\/figcaption><\/figure><\/div>\n\n\n\n<figure class=\"wp-block-gallery columns-3 is-cropped wp-block-gallery-3 is-layout-flex wp-block-gallery-is-layout-flex\"><ul class=\"blocks-gallery-grid\"><li class=\"blocks-gallery-item\"><figure><img loading=\"lazy\" decoding=\"async\" width=\"768\" height=\"1024\" src=\"http:\/\/promlek.pl\/wp-content\/uploads\/2019\/11\/IMG_1474-e1574704542805-768x1024.jpg\" alt=\"\" data-id=\"348\" data-link=\"http:\/\/promlek.pl\/?attachment_id=348\" class=\"wp-image-348\" srcset=\"https:\/\/promlek.pl\/wp-content\/uploads\/2019\/11\/IMG_1474-e1574704542805-768x1024.jpg 768w, https:\/\/promlek.pl\/wp-content\/uploads\/2019\/11\/IMG_1474-e1574704542805-225x300.jpg 225w\" sizes=\"auto, (max-width: 768px) 100vw, 768px\" \/><\/figure><\/li><li class=\"blocks-gallery-item\"><figure><img loading=\"lazy\" decoding=\"async\" width=\"1024\" height=\"768\" src=\"http:\/\/promlek.pl\/wp-content\/uploads\/2019\/11\/IMG_1469-1024x768.jpg\" alt=\"\" data-id=\"343\" data-link=\"http:\/\/promlek.pl\/?attachment_id=343\" class=\"wp-image-343\" srcset=\"https:\/\/promlek.pl\/wp-content\/uploads\/2019\/11\/IMG_1469-1024x768.jpg 1024w, https:\/\/promlek.pl\/wp-content\/uploads\/2019\/11\/IMG_1469-300x225.jpg 300w, https:\/\/promlek.pl\/wp-content\/uploads\/2019\/11\/IMG_1469-768x576.jpg 768w\" sizes=\"auto, (max-width: 1024px) 100vw, 1024px\" \/><\/figure><\/li><li class=\"blocks-gallery-item\"><figure><img loading=\"lazy\" decoding=\"async\" width=\"768\" height=\"1024\" src=\"http:\/\/promlek.pl\/wp-content\/uploads\/2019\/11\/IMG_1473-e1574704568314-768x1024.jpg\" alt=\"\" data-id=\"347\" data-link=\"http:\/\/promlek.pl\/?attachment_id=347\" class=\"wp-image-347\" srcset=\"https:\/\/promlek.pl\/wp-content\/uploads\/2019\/11\/IMG_1473-e1574704568314-768x1024.jpg 768w, https:\/\/promlek.pl\/wp-content\/uploads\/2019\/11\/IMG_1473-e1574704568314-225x300.jpg 225w\" sizes=\"auto, (max-width: 768px) 100vw, 768px\" \/><\/figure><\/li><li class=\"blocks-gallery-item\"><figure><img loading=\"lazy\" decoding=\"async\" width=\"1024\" height=\"768\" src=\"http:\/\/promlek.pl\/wp-content\/uploads\/2019\/11\/IMG_1472-1024x768.jpg\" alt=\"\" data-id=\"346\" data-link=\"http:\/\/promlek.pl\/?attachment_id=346\" class=\"wp-image-346\" srcset=\"https:\/\/promlek.pl\/wp-content\/uploads\/2019\/11\/IMG_1472-1024x768.jpg 1024w, https:\/\/promlek.pl\/wp-content\/uploads\/2019\/11\/IMG_1472-300x225.jpg 300w, https:\/\/promlek.pl\/wp-content\/uploads\/2019\/11\/IMG_1472-768x576.jpg 768w\" sizes=\"auto, (max-width: 1024px) 100vw, 1024px\" \/><\/figure><\/li><li class=\"blocks-gallery-item\"><figure><img loading=\"lazy\" decoding=\"async\" width=\"768\" height=\"1024\" src=\"http:\/\/promlek.pl\/wp-content\/uploads\/2019\/11\/IMG_1471-e1574704506362-768x1024.jpg\" alt=\"\" data-id=\"345\" data-link=\"http:\/\/promlek.pl\/?attachment_id=345\" class=\"wp-image-345\" srcset=\"https:\/\/promlek.pl\/wp-content\/uploads\/2019\/11\/IMG_1471-e1574704506362-768x1024.jpg 768w, https:\/\/promlek.pl\/wp-content\/uploads\/2019\/11\/IMG_1471-e1574704506362-225x300.jpg 225w\" sizes=\"auto, (max-width: 768px) 100vw, 768px\" \/><\/figure><\/li><li class=\"blocks-gallery-item\"><figure><img loading=\"lazy\" decoding=\"async\" width=\"1024\" height=\"768\" src=\"http:\/\/promlek.pl\/wp-content\/uploads\/2019\/11\/IMG_1470-1024x768.jpg\" alt=\"\" data-id=\"344\" data-link=\"http:\/\/promlek.pl\/?attachment_id=344\" class=\"wp-image-344\" srcset=\"https:\/\/promlek.pl\/wp-content\/uploads\/2019\/11\/IMG_1470-1024x768.jpg 1024w, https:\/\/promlek.pl\/wp-content\/uploads\/2019\/11\/IMG_1470-300x225.jpg 300w, https:\/\/promlek.pl\/wp-content\/uploads\/2019\/11\/IMG_1470-768x576.jpg 768w\" sizes=\"auto, (max-width: 1024px) 100vw, 1024px\" \/><\/figure><\/li><li class=\"blocks-gallery-item\"><figure><img loading=\"lazy\" decoding=\"async\" width=\"1024\" height=\"768\" src=\"http:\/\/promlek.pl\/wp-content\/uploads\/2019\/11\/IMG_1475-1024x768.jpg\" alt=\"\" data-id=\"349\" data-link=\"http:\/\/promlek.pl\/?attachment_id=349\" class=\"wp-image-349\" srcset=\"https:\/\/promlek.pl\/wp-content\/uploads\/2019\/11\/IMG_1475-1024x768.jpg 1024w, https:\/\/promlek.pl\/wp-content\/uploads\/2019\/11\/IMG_1475-300x225.jpg 300w, https:\/\/promlek.pl\/wp-content\/uploads\/2019\/11\/IMG_1475-768x576.jpg 768w\" sizes=\"auto, (max-width: 1024px) 100vw, 1024px\" \/><\/figure><\/li><li class=\"blocks-gallery-item\"><figure><img loading=\"lazy\" decoding=\"async\" width=\"1024\" height=\"768\" src=\"http:\/\/promlek.pl\/wp-content\/uploads\/2019\/11\/IMG_1477-1024x768.jpg\" alt=\"\" data-id=\"351\" data-link=\"http:\/\/promlek.pl\/?attachment_id=351\" class=\"wp-image-351\" srcset=\"https:\/\/promlek.pl\/wp-content\/uploads\/2019\/11\/IMG_1477-1024x768.jpg 1024w, https:\/\/promlek.pl\/wp-content\/uploads\/2019\/11\/IMG_1477-300x225.jpg 300w, https:\/\/promlek.pl\/wp-content\/uploads\/2019\/11\/IMG_1477-768x576.jpg 768w\" sizes=\"auto, (max-width: 1024px) 100vw, 1024px\" \/><\/figure><\/li><li class=\"blocks-gallery-item\"><figure><img loading=\"lazy\" decoding=\"async\" width=\"1024\" height=\"768\" src=\"http:\/\/promlek.pl\/wp-content\/uploads\/2019\/11\/IMG_1472-1-1024x768.jpg\" alt=\"\" data-id=\"356\" data-link=\"http:\/\/promlek.pl\/?attachment_id=356\" class=\"wp-image-356\" srcset=\"https:\/\/promlek.pl\/wp-content\/uploads\/2019\/11\/IMG_1472-1-1024x768.jpg 1024w, https:\/\/promlek.pl\/wp-content\/uploads\/2019\/11\/IMG_1472-1-300x225.jpg 300w, https:\/\/promlek.pl\/wp-content\/uploads\/2019\/11\/IMG_1472-1-768x576.jpg 768w\" sizes=\"auto, (max-width: 1024px) 100vw, 1024px\" \/><\/figure><\/li><\/ul><\/figure>\n\n\n\n<figure class=\"wp-block-image size-large\"><img loading=\"lazy\" decoding=\"async\" width=\"1024\" height=\"768\" src=\"http:\/\/promlek.pl\/wp-content\/uploads\/2020\/11\/DF7D4384-54F8-423D-A062-5DC17FAE2A6F-1024x768.jpg\" alt=\"\" class=\"wp-image-402\" srcset=\"https:\/\/promlek.pl\/wp-content\/uploads\/2020\/11\/DF7D4384-54F8-423D-A062-5DC17FAE2A6F-1024x768.jpg 1024w, https:\/\/promlek.pl\/wp-content\/uploads\/2020\/11\/DF7D4384-54F8-423D-A062-5DC17FAE2A6F-300x225.jpg 300w, https:\/\/promlek.pl\/wp-content\/uploads\/2020\/11\/DF7D4384-54F8-423D-A062-5DC17FAE2A6F-768x576.jpg 768w, https:\/\/promlek.pl\/wp-content\/uploads\/2020\/11\/DF7D4384-54F8-423D-A062-5DC17FAE2A6F-1536x1152.jpg 1536w, https:\/\/promlek.pl\/wp-content\/uploads\/2020\/11\/DF7D4384-54F8-423D-A062-5DC17FAE2A6F-2048x1536.jpg 2048w\" sizes=\"auto, (max-width: 1024px) 100vw, 1024px\" \/><\/figure>\n\n\n\n<h2 class=\"wp-block-heading\">Prace dzieci zg\u0142oszone do konkursu ,, ZDROWO ROSN\u0118 &#8221; w Baszni Dolnej<\/h2>\n\n\n\n<figure class=\"wp-block-gallery columns-1 is-cropped wp-block-gallery-4 is-layout-flex wp-block-gallery-is-layout-flex\"><ul class=\"blocks-gallery-grid\"><li class=\"blocks-gallery-item\"><figure><img loading=\"lazy\" decoding=\"async\" width=\"768\" height=\"1024\" src=\"http:\/\/promlek.pl\/wp-content\/uploads\/2019\/10\/IMG_1392-e1571839101692-768x1024.jpg\" alt=\"\" data-id=\"285\" data-link=\"http:\/\/promlek.pl\/?attachment_id=285\" class=\"wp-image-285\" srcset=\"https:\/\/promlek.pl\/wp-content\/uploads\/2019\/10\/IMG_1392-e1571839101692-768x1024.jpg 768w, https:\/\/promlek.pl\/wp-content\/uploads\/2019\/10\/IMG_1392-e1571839101692-225x300.jpg 225w\" sizes=\"auto, (max-width: 768px) 100vw, 768px\" \/><\/figure><\/li><\/ul><\/figure>\n\n\n\n<figure class=\"wp-block-gallery columns-2 is-cropped wp-block-gallery-5 is-layout-flex wp-block-gallery-is-layout-flex\"><ul class=\"blocks-gallery-grid\"><li class=\"blocks-gallery-item\"><figure><img loading=\"lazy\" decoding=\"async\" width=\"768\" height=\"1024\" src=\"http:\/\/promlek.pl\/wp-content\/uploads\/2019\/10\/IMG_1379-e1571839175340-768x1024.jpg\" alt=\"\" data-id=\"281\" data-link=\"http:\/\/promlek.pl\/?attachment_id=281\" class=\"wp-image-281\" srcset=\"https:\/\/promlek.pl\/wp-content\/uploads\/2019\/10\/IMG_1379-e1571839175340-768x1024.jpg 768w, https:\/\/promlek.pl\/wp-content\/uploads\/2019\/10\/IMG_1379-e1571839175340-225x300.jpg 225w\" sizes=\"auto, (max-width: 768px) 100vw, 768px\" \/><\/figure><\/li><li class=\"blocks-gallery-item\"><figure><img loading=\"lazy\" decoding=\"async\" width=\"768\" height=\"1024\" src=\"http:\/\/promlek.pl\/wp-content\/uploads\/2019\/10\/IMG_1394-e1571839023705-768x1024.jpg\" alt=\"\" data-id=\"287\" data-link=\"http:\/\/promlek.pl\/?attachment_id=287\" class=\"wp-image-287\" srcset=\"https:\/\/promlek.pl\/wp-content\/uploads\/2019\/10\/IMG_1394-e1571839023705-768x1024.jpg 768w, https:\/\/promlek.pl\/wp-content\/uploads\/2019\/10\/IMG_1394-e1571839023705-225x300.jpg 225w\" sizes=\"auto, (max-width: 768px) 100vw, 768px\" \/><\/figure><\/li><\/ul><\/figure>\n","protected":false},"excerpt":{"rendered":"<p>Zesp\u00f3\u0142 Szk\u00f3\u0142 w Giedlarowej&nbsp; prace uczni\u00f3w z klasy I-III oraz zaj\u0119cia kulinarne 28 Stycze\u0144 2020 r. zaj\u0119cia kulinarne z uczniami&nbsp; Szko\u0142a Podstawowa nr 3 im.ks.kard.S. Wyszy\u0144skiego w Le\u017cajsku 29 Pa\u017cdziernik 2019 r. Prace dzieci zg\u0142oszone do konkursu ,, ZDROWO ROSN\u0118<\/p>\n","protected":false},"author":2,"featured_media":0,"parent":0,"menu_order":0,"comment_status":"closed","ping_status":"closed","template":"","meta":{"footnotes":""},"class_list":["post-327","page","type-page","status-publish","hentry"],"_links":{"self":[{"href":"https:\/\/promlek.pl\/index.php?rest_route=\/wp\/v2\/pages\/327","targetHints":{"allow":["GET"]}}],"collection":[{"href":"https:\/\/promlek.pl\/index.php?rest_route=\/wp\/v2\/pages"}],"about":[{"href":"https:\/\/promlek.pl\/index.php?rest_route=\/wp\/v2\/types\/page"}],"author":[{"embeddable":true,"href":"https:\/\/promlek.pl\/index.php?rest_route=\/wp\/v2\/users\/2"}],"replies":[{"embeddable":true,"href":"https:\/\/promlek.pl\/index.php?rest_route=%2Fwp%2Fv2%2Fcomments&post=327"}],"version-history":[{"count":0,"href":"https:\/\/promlek.pl\/index.php?rest_route=\/wp\/v2\/pages\/327\/revisions"}],"wp:attachment":[{"href":"https:\/\/promlek.pl\/index.php?rest_route=%2Fwp%2Fv2%2Fmedia&parent=327"}],"curies":[{"name":"wp","href":"https:\/\/api.w.org\/{rel}","templated":true}]}}