{"id":35,"date":"2016-10-15T19:52:19","date_gmt":"2016-10-15T17:52:19","guid":{"rendered":"http:\/\/promlek.pl\/?page_id=35"},"modified":"2019-05-29T19:34:10","modified_gmt":"2019-05-29T17:34:10","slug":"zabawa-i-wypoczynek","status":"publish","type":"page","link":"https:\/\/promlek.pl\/?page_id=35","title":{"rendered":"Zabawa i wypoczynek"},"content":{"rendered":"<p>Dmuchane zabawki to dzisiaj najwi\u0119ksza atrakcja dla dzieci na r\u00f3\u017cnego rodzaju imprezach plenerowych, swoimi gabarytami oraz wygl\u0105dem\u00a0zapewni\u0105 \u015bwietn\u0105 zabaw\u0119 dzieciom do utraty tchu \ud83d\ude42<\/p>\n<p>Organizujemy imprezy dla dzieci w szko\u0142ach podstawowych jak r\u00f3wnie\u017c imprezy firmowe, festyny oraz klient\u00f3w indywidualnych. Nasz zasi\u0119g to wojew\u00f3dztwo podkarpackie . Nasze urz\u0105dzenia posiadaj\u0105 wymagane atesty, oraz obs\u0142ugiwane s\u0105 przez przeszkolone osoby w zakresie bezpiecze\u0144stwa . Zach\u0119camy do zapoznania si\u0119 z nasz\u0105 ofert\u0105.<\/p>\n<p><img loading=\"lazy\" decoding=\"async\" class=\"alignnone wp-image-97\" src=\"http:\/\/promlek.pl\/wp-content\/uploads\/2016\/10\/Trampolina_z_siatka_sr._244_cm-620636-214828-300x300.jpg\" alt=\"trampolina_z_siatka_sr-_244_cm-620636-214828\" width=\"165\" height=\"165\" srcset=\"https:\/\/promlek.pl\/wp-content\/uploads\/2016\/10\/Trampolina_z_siatka_sr._244_cm-620636-214828-300x300.jpg 300w, https:\/\/promlek.pl\/wp-content\/uploads\/2016\/10\/Trampolina_z_siatka_sr._244_cm-620636-214828-150x150.jpg 150w, https:\/\/promlek.pl\/wp-content\/uploads\/2016\/10\/Trampolina_z_siatka_sr._244_cm-620636-214828.jpg 650w\" sizes=\"auto, (max-width: 165px) 100vw, 165px\" \/>\u00a0 \u00a0 \u00a0 \u00a0\u00a0<img loading=\"lazy\" decoding=\"async\" class=\"alignnone wp-image-102\" src=\"http:\/\/promlek.pl\/wp-content\/uploads\/2016\/10\/139b42a131add83c438617c06b31cf2da91366cd-300x200.jpg\" alt=\"139b42a131add83c438617c06b31cf2da91366cd\" width=\"249\" height=\"166\" srcset=\"https:\/\/promlek.pl\/wp-content\/uploads\/2016\/10\/139b42a131add83c438617c06b31cf2da91366cd-300x200.jpg 300w, https:\/\/promlek.pl\/wp-content\/uploads\/2016\/10\/139b42a131add83c438617c06b31cf2da91366cd-768x512.jpg 768w, https:\/\/promlek.pl\/wp-content\/uploads\/2016\/10\/139b42a131add83c438617c06b31cf2da91366cd.jpg 800w\" sizes=\"auto, (max-width: 249px) 100vw, 249px\" \/><\/p>\n<p>Wi\u0119cej informacji w naszej\u00a0<span style=\"text-decoration: underline;\"><strong><a href=\"http:\/\/promlek.pl\/?page_id=68\">galerii<\/a><\/strong><\/span><\/p>\n","protected":false},"excerpt":{"rendered":"<p>Dmuchane zabawki to dzisiaj najwi\u0119ksza atrakcja dla dzieci na r\u00f3\u017cnego rodzaju imprezach plenerowych, swoimi gabarytami oraz wygl\u0105dem\u00a0zapewni\u0105 \u015bwietn\u0105 zabaw\u0119 dzieciom do utraty tchu \ud83d\ude42 Organizujemy imprezy dla dzieci w szko\u0142ach podstawowych jak r\u00f3wnie\u017c imprezy firmowe, festyny oraz klient\u00f3w indywidualnych. Nasz<\/p>\n","protected":false},"author":1,"featured_media":0,"parent":0,"menu_order":0,"comment_status":"closed","ping_status":"closed","template":"","meta":{"footnotes":""},"class_list":["post-35","page","type-page","status-publish","hentry"],"_links":{"self":[{"href":"https:\/\/promlek.pl\/index.php?rest_route=\/wp\/v2\/pages\/35","targetHints":{"allow":["GET"]}}],"collection":[{"href":"https:\/\/promlek.pl\/index.php?rest_route=\/wp\/v2\/pages"}],"about":[{"href":"https:\/\/promlek.pl\/index.php?rest_route=\/wp\/v2\/types\/page"}],"author":[{"embeddable":true,"href":"https:\/\/promlek.pl\/index.php?rest_route=\/wp\/v2\/users\/1"}],"replies":[{"embeddable":true,"href":"https:\/\/promlek.pl\/index.php?rest_route=%2Fwp%2Fv2%2Fcomments&post=35"}],"version-history":[{"count":0,"href":"https:\/\/promlek.pl\/index.php?rest_route=\/wp\/v2\/pages\/35\/revisions"}],"wp:attachment":[{"href":"https:\/\/promlek.pl\/index.php?rest_route=%2Fwp%2Fv2%2Fmedia&parent=35"}],"curies":[{"name":"wp","href":"https:\/\/api.w.org\/{rel}","templated":true}]}}