{"id":41,"date":"2016-10-15T19:52:41","date_gmt":"2016-10-15T17:52:41","guid":{"rendered":"http:\/\/promlek.pl\/?page_id=41"},"modified":"2016-10-16T19:56:45","modified_gmt":"2016-10-16T17:56:45","slug":"transport","status":"publish","type":"page","link":"https:\/\/promlek.pl\/?page_id=41","title":{"rendered":"Spedycja"},"content":{"rendered":"<p>Zajmujemy si\u0119 r\u00f3wnie\u017c spedycj\u0105 krajow\u0105 i zagraniczn\u0105 wi\u0119cej szczeg\u00f3\u0142\u00f3w na\u00a0naszej stronie\u00a0<span style=\"text-decoration: underline;\"><strong><a href=\"http:\/\/dplogistics.com.pl\">DP Logistics<\/a><\/strong><\/span><\/p>\n<p>&nbsp;<\/p>\n<p><img loading=\"lazy\" decoding=\"async\" class=\"alignnone size-medium wp-image-138\" src=\"http:\/\/promlek.pl\/wp-content\/uploads\/2016\/10\/mapa4-300x183.png\" alt=\"mapa4\" width=\"300\" height=\"183\" srcset=\"https:\/\/promlek.pl\/wp-content\/uploads\/2016\/10\/mapa4-300x183.png 300w, https:\/\/promlek.pl\/wp-content\/uploads\/2016\/10\/mapa4-768x467.png 768w, https:\/\/promlek.pl\/wp-content\/uploads\/2016\/10\/mapa4.png 950w\" sizes=\"auto, (max-width: 300px) 100vw, 300px\" \/><\/p>\n","protected":false},"excerpt":{"rendered":"<p>Zajmujemy si\u0119 r\u00f3wnie\u017c spedycj\u0105 krajow\u0105 i zagraniczn\u0105 wi\u0119cej szczeg\u00f3\u0142\u00f3w na\u00a0naszej stronie\u00a0DP Logistics &nbsp;<\/p>\n","protected":false},"author":1,"featured_media":0,"parent":0,"menu_order":0,"comment_status":"closed","ping_status":"closed","template":"","meta":{"footnotes":""},"class_list":["post-41","page","type-page","status-publish","hentry"],"_links":{"self":[{"href":"https:\/\/promlek.pl\/index.php?rest_route=\/wp\/v2\/pages\/41","targetHints":{"allow":["GET"]}}],"collection":[{"href":"https:\/\/promlek.pl\/index.php?rest_route=\/wp\/v2\/pages"}],"about":[{"href":"https:\/\/promlek.pl\/index.php?rest_route=\/wp\/v2\/types\/page"}],"author":[{"embeddable":true,"href":"https:\/\/promlek.pl\/index.php?rest_route=\/wp\/v2\/users\/1"}],"replies":[{"embeddable":true,"href":"https:\/\/promlek.pl\/index.php?rest_route=%2Fwp%2Fv2%2Fcomments&post=41"}],"version-history":[{"count":0,"href":"https:\/\/promlek.pl\/index.php?rest_route=\/wp\/v2\/pages\/41\/revisions"}],"wp:attachment":[{"href":"https:\/\/promlek.pl\/index.php?rest_route=%2Fwp%2Fv2%2Fmedia&parent=41"}],"curies":[{"name":"wp","href":"https:\/\/api.w.org\/{rel}","templated":true}]}}