{"id":44,"date":"2016-10-15T19:52:50","date_gmt":"2016-10-15T17:52:50","guid":{"rendered":"http:\/\/promlek.pl\/?page_id=44"},"modified":"2020-11-19T14:08:09","modified_gmt":"2020-11-19T13:08:09","slug":"kontakt","status":"publish","type":"page","link":"https:\/\/promlek.pl\/?page_id=44","title":{"rendered":"Kontakt"},"content":{"rendered":"\n<p><strong><br>F.H.U PROMLEK<\/strong><\/p>\n\n\n<h2><strong>F.H.U PROMLEK<\/strong><\/h2>\n<p>Trzebo\u015b\u00a0 ul. G\u00f3rna 125<br \/>36-052 Nienad\u00f3wka<\/p>\n<h3><strong>NASZE BIURO<\/strong><\/h3>\n<p>Soko\u0142\u00f3w Ma\u0142opolski<br \/>Ul. Podstawskiego 47<br \/>36-050 Soko\u0142\u00f3w Ma\u0142opolski<\/p>\n<p>GSM:\u00a0 691826117\u00a0 , 607079612<br \/>Fax : 17 7729306<br \/><a href=\"mailto:biuro@promlek.pl\">promlek@promlek.pl<\/a><\/p>\n<p>Mapa dojazdu:<\/p>\n<p><code> <iframe loading=\"lazy\" style=\"border: 0;\" src=\"https:\/\/www.google.com\/maps\/embed?pb=!1m18!1m12!1m3!1d1276.1432857510922!2d22.112094558388648!3d50.23055099486144!2m3!1f0!2f0!3f0!3m2!1i1024!2i768!4f13.1!3m3!1m2!1s0x473cddf9f22fa919%3A0x2dfa442d85ef91f2!2spu%C5%82kownika+Podstawskiego+47%2C+36-140+Soko%C5%82%C3%B3w+Ma%C5%82opolski!5e0!3m2!1spl!2spl!4v1476561852940\" width=\"400\" height=\"300\" frameborder=\"0\" allowfullscreen=\"allowfullscreen\"><\/iframe> <\/code><\/p>","protected":false},"excerpt":{"rendered":"<p>F.H.U PROMLEK F.H.U PROMLEK Trzebo\u015b\u00a0 ul. G\u00f3rna 12536-052 Nienad\u00f3wka NASZE BIURO Soko\u0142\u00f3w Ma\u0142opolskiUl. Podstawskiego 4736-050 Soko\u0142\u00f3w Ma\u0142opolski GSM:\u00a0 691826117\u00a0 , 607079612Fax : 17 7729306promlek@promlek.pl Mapa dojazdu:<\/p>\n","protected":false},"author":1,"featured_media":0,"parent":0,"menu_order":0,"comment_status":"closed","ping_status":"closed","template":"","meta":{"footnotes":""},"class_list":["post-44","page","type-page","status-publish","hentry"],"_links":{"self":[{"href":"https:\/\/promlek.pl\/index.php?rest_route=\/wp\/v2\/pages\/44","targetHints":{"allow":["GET"]}}],"collection":[{"href":"https:\/\/promlek.pl\/index.php?rest_route=\/wp\/v2\/pages"}],"about":[{"href":"https:\/\/promlek.pl\/index.php?rest_route=\/wp\/v2\/types\/page"}],"author":[{"embeddable":true,"href":"https:\/\/promlek.pl\/index.php?rest_route=\/wp\/v2\/users\/1"}],"replies":[{"embeddable":true,"href":"https:\/\/promlek.pl\/index.php?rest_route=%2Fwp%2Fv2%2Fcomments&post=44"}],"version-history":[{"count":0,"href":"https:\/\/promlek.pl\/index.php?rest_route=\/wp\/v2\/pages\/44\/revisions"}],"wp:attachment":[{"href":"https:\/\/promlek.pl\/index.php?rest_route=%2Fwp%2Fv2%2Fmedia&parent=44"}],"curies":[{"name":"wp","href":"https:\/\/api.w.org\/{rel}","templated":true}]}}