{"id":68,"date":"2016-10-15T21:27:04","date_gmt":"2016-10-15T19:27:04","guid":{"rendered":"http:\/\/promlek.pl\/?page_id=68"},"modified":"2019-11-25T18:27:51","modified_gmt":"2019-11-25T17:27:51","slug":"galeria","status":"publish","type":"page","link":"https:\/\/promlek.pl\/?page_id=68","title":{"rendered":"Galeria"},"content":{"rendered":"\n<h2 class=\"wp-block-heading\">Kolejny piknik pod has\u0142em ,, ROSN\u0118 ZDROWO ,PIKNIK Z KOWR &#8221; tym razem w Baszni Dolnej <\/h2>\n\n\n\n<figure class=\"wp-block-image\"><img loading=\"lazy\" decoding=\"async\" width=\"1024\" height=\"768\" src=\"http:\/\/promlek.pl\/wp-content\/uploads\/2019\/10\/IMG_1350-1-1024x768.jpg\" alt=\"\" class=\"wp-image-275\" srcset=\"https:\/\/promlek.pl\/wp-content\/uploads\/2019\/10\/IMG_1350-1-1024x768.jpg 1024w, https:\/\/promlek.pl\/wp-content\/uploads\/2019\/10\/IMG_1350-1-300x225.jpg 300w, https:\/\/promlek.pl\/wp-content\/uploads\/2019\/10\/IMG_1350-1-768x576.jpg 768w\" sizes=\"auto, (max-width: 1024px) 100vw, 1024px\" \/><\/figure>\n\n\n\n<figure class=\"wp-block-image\"><img loading=\"lazy\" decoding=\"async\" width=\"1024\" height=\"768\" src=\"http:\/\/promlek.pl\/wp-content\/uploads\/2019\/10\/IMG_1364-1024x768.jpg\" alt=\"\" class=\"wp-image-280\" srcset=\"https:\/\/promlek.pl\/wp-content\/uploads\/2019\/10\/IMG_1364-1024x768.jpg 1024w, https:\/\/promlek.pl\/wp-content\/uploads\/2019\/10\/IMG_1364-300x225.jpg 300w, https:\/\/promlek.pl\/wp-content\/uploads\/2019\/10\/IMG_1364-768x576.jpg 768w\" sizes=\"auto, (max-width: 1024px) 100vw, 1024px\" \/><\/figure>\n\n\n\n<figure class=\"wp-block-image\"><img loading=\"lazy\" decoding=\"async\" width=\"1024\" height=\"768\" src=\"http:\/\/promlek.pl\/wp-content\/uploads\/2019\/10\/IMG_1360-1-1024x768.jpg\" alt=\"\" class=\"wp-image-279\" srcset=\"https:\/\/promlek.pl\/wp-content\/uploads\/2019\/10\/IMG_1360-1-1024x768.jpg 1024w, https:\/\/promlek.pl\/wp-content\/uploads\/2019\/10\/IMG_1360-1-300x225.jpg 300w, https:\/\/promlek.pl\/wp-content\/uploads\/2019\/10\/IMG_1360-1-768x576.jpg 768w\" sizes=\"auto, (max-width: 1024px) 100vw, 1024px\" \/><\/figure>\n\n\n\n<figure class=\"wp-block-image\"><img loading=\"lazy\" decoding=\"async\" width=\"1024\" height=\"768\" src=\"http:\/\/promlek.pl\/wp-content\/uploads\/2019\/10\/IMG_1353-1-1024x768.jpg\" alt=\"\" class=\"wp-image-277\" srcset=\"https:\/\/promlek.pl\/wp-content\/uploads\/2019\/10\/IMG_1353-1-1024x768.jpg 1024w, https:\/\/promlek.pl\/wp-content\/uploads\/2019\/10\/IMG_1353-1-300x225.jpg 300w, https:\/\/promlek.pl\/wp-content\/uploads\/2019\/10\/IMG_1353-1-768x576.jpg 768w\" sizes=\"auto, (max-width: 1024px) 100vw, 1024px\" \/><\/figure>\n\n\n\n<figure class=\"wp-block-image\"><img loading=\"lazy\" decoding=\"async\" width=\"1024\" height=\"768\" src=\"http:\/\/promlek.pl\/wp-content\/uploads\/2019\/10\/IMG_1352-1-1024x768.jpg\" alt=\"\" class=\"wp-image-276\" srcset=\"https:\/\/promlek.pl\/wp-content\/uploads\/2019\/10\/IMG_1352-1-1024x768.jpg 1024w, https:\/\/promlek.pl\/wp-content\/uploads\/2019\/10\/IMG_1352-1-300x225.jpg 300w, https:\/\/promlek.pl\/wp-content\/uploads\/2019\/10\/IMG_1352-1-768x576.jpg 768w\" sizes=\"auto, (max-width: 1024px) 100vw, 1024px\" \/><figcaption>nasze zje\u017cd\u017calnie czekaj\u0105 na przybycie  dzieci  <br><\/figcaption><\/figure>\n\n\n\n<figure class=\"wp-block-image\"><img loading=\"lazy\" decoding=\"async\" width=\"1024\" height=\"768\" src=\"http:\/\/promlek.pl\/wp-content\/uploads\/2019\/10\/IMG_1348-1-1024x768.jpg\" alt=\"\" class=\"wp-image-274\" srcset=\"https:\/\/promlek.pl\/wp-content\/uploads\/2019\/10\/IMG_1348-1-1024x768.jpg 1024w, https:\/\/promlek.pl\/wp-content\/uploads\/2019\/10\/IMG_1348-1-300x225.jpg 300w, https:\/\/promlek.pl\/wp-content\/uploads\/2019\/10\/IMG_1348-1-768x576.jpg 768w\" sizes=\"auto, (max-width: 1024px) 100vw, 1024px\" \/><figcaption>nasze produkty przed przyjazdem uczestnik\u00f3w pikniku <\/figcaption><\/figure>\n\n\n\n<figure class=\"wp-block-image\"><img loading=\"lazy\" decoding=\"async\" width=\"768\" height=\"1024\" src=\"http:\/\/promlek.pl\/wp-content\/uploads\/2019\/10\/IMG_1379-e1571839175340-768x1024.jpg\" alt=\"\" class=\"wp-image-281\" srcset=\"https:\/\/promlek.pl\/wp-content\/uploads\/2019\/10\/IMG_1379-e1571839175340-768x1024.jpg 768w, https:\/\/promlek.pl\/wp-content\/uploads\/2019\/10\/IMG_1379-e1571839175340-225x300.jpg 225w\" sizes=\"auto, (max-width: 768px) 100vw, 768px\" \/><\/figure>\n\n\n\n<figure class=\"wp-block-image\"><img loading=\"lazy\" decoding=\"async\" width=\"768\" height=\"1024\" src=\"http:\/\/promlek.pl\/wp-content\/uploads\/2019\/10\/IMG_1381-e1571839158520-768x1024.jpg\" alt=\"\" class=\"wp-image-282\" srcset=\"https:\/\/promlek.pl\/wp-content\/uploads\/2019\/10\/IMG_1381-e1571839158520-768x1024.jpg 768w, https:\/\/promlek.pl\/wp-content\/uploads\/2019\/10\/IMG_1381-e1571839158520-225x300.jpg 225w\" sizes=\"auto, (max-width: 768px) 100vw, 768px\" \/><\/figure>\n\n\n\n<figure class=\"wp-block-image\"><img loading=\"lazy\" decoding=\"async\" width=\"768\" height=\"1024\" src=\"http:\/\/promlek.pl\/wp-content\/uploads\/2019\/10\/IMG_1383-e1571839138644-768x1024.jpg\" alt=\"\" class=\"wp-image-283\" srcset=\"https:\/\/promlek.pl\/wp-content\/uploads\/2019\/10\/IMG_1383-e1571839138644-768x1024.jpg 768w, https:\/\/promlek.pl\/wp-content\/uploads\/2019\/10\/IMG_1383-e1571839138644-225x300.jpg 225w\" sizes=\"auto, (max-width: 768px) 100vw, 768px\" \/><\/figure>\n\n\n\n<figure class=\"wp-block-image\"><img loading=\"lazy\" decoding=\"async\" width=\"768\" height=\"1024\" src=\"http:\/\/promlek.pl\/wp-content\/uploads\/2019\/10\/IMG_1387-e1571839121689-768x1024.jpg\" alt=\"\" class=\"wp-image-284\" srcset=\"https:\/\/promlek.pl\/wp-content\/uploads\/2019\/10\/IMG_1387-e1571839121689-768x1024.jpg 768w, https:\/\/promlek.pl\/wp-content\/uploads\/2019\/10\/IMG_1387-e1571839121689-225x300.jpg 225w\" sizes=\"auto, (max-width: 768px) 100vw, 768px\" \/><\/figure>\n\n\n\n<figure class=\"wp-block-image\"><img loading=\"lazy\" decoding=\"async\" width=\"768\" height=\"1024\" src=\"http:\/\/promlek.pl\/wp-content\/uploads\/2019\/10\/IMG_1392-e1571839101692-768x1024.jpg\" alt=\"\" class=\"wp-image-285\" srcset=\"https:\/\/promlek.pl\/wp-content\/uploads\/2019\/10\/IMG_1392-e1571839101692-768x1024.jpg 768w, https:\/\/promlek.pl\/wp-content\/uploads\/2019\/10\/IMG_1392-e1571839101692-225x300.jpg 225w\" sizes=\"auto, (max-width: 768px) 100vw, 768px\" \/><\/figure>\n\n\n\n<figure class=\"wp-block-image\"><img loading=\"lazy\" decoding=\"async\" width=\"768\" height=\"1024\" src=\"http:\/\/promlek.pl\/wp-content\/uploads\/2019\/10\/IMG_1393-e1571839077635-768x1024.jpg\" alt=\"\" class=\"wp-image-286\" srcset=\"https:\/\/promlek.pl\/wp-content\/uploads\/2019\/10\/IMG_1393-e1571839077635-768x1024.jpg 768w, https:\/\/promlek.pl\/wp-content\/uploads\/2019\/10\/IMG_1393-e1571839077635-225x300.jpg 225w\" sizes=\"auto, (max-width: 768px) 100vw, 768px\" \/><\/figure>\n\n\n\n<figure class=\"wp-block-image\"><img loading=\"lazy\" decoding=\"async\" width=\"768\" height=\"1024\" src=\"http:\/\/promlek.pl\/wp-content\/uploads\/2019\/10\/IMG_1394-e1571839023705-768x1024.jpg\" alt=\"\" class=\"wp-image-287\" srcset=\"https:\/\/promlek.pl\/wp-content\/uploads\/2019\/10\/IMG_1394-e1571839023705-768x1024.jpg 768w, https:\/\/promlek.pl\/wp-content\/uploads\/2019\/10\/IMG_1394-e1571839023705-225x300.jpg 225w\" sizes=\"auto, (max-width: 768px) 100vw, 768px\" \/><\/figure>\n\n\n<h3><strong>Piknik Radawa w 2018 roku<\/strong><\/h3>\n<p><img loading=\"lazy\" decoding=\"async\" class=\"alignnone  wp-image-245\" src=\"http:\/\/promlek.pl\/wp-content\/uploads\/2019\/05\/IMG_0174-300x225.jpg\" alt=\"\" width=\"272\" height=\"204\" srcset=\"https:\/\/promlek.pl\/wp-content\/uploads\/2019\/05\/IMG_0174-300x225.jpg 300w, https:\/\/promlek.pl\/wp-content\/uploads\/2019\/05\/IMG_0174-768x576.jpg 768w, https:\/\/promlek.pl\/wp-content\/uploads\/2019\/05\/IMG_0174-1024x768.jpg 1024w\" sizes=\"auto, (max-width: 272px) 100vw, 272px\" \/><img loading=\"lazy\" decoding=\"async\" class=\"alignnone  wp-image-237\" src=\"http:\/\/promlek.pl\/wp-content\/uploads\/2019\/05\/IMG_0162-300x225.jpg\" alt=\"\" width=\"275\" height=\"206\" srcset=\"https:\/\/promlek.pl\/wp-content\/uploads\/2019\/05\/IMG_0162-300x225.jpg 300w, https:\/\/promlek.pl\/wp-content\/uploads\/2019\/05\/IMG_0162-768x576.jpg 768w, https:\/\/promlek.pl\/wp-content\/uploads\/2019\/05\/IMG_0162-1024x768.jpg 1024w\" sizes=\"auto, (max-width: 275px) 100vw, 275px\" \/><img loading=\"lazy\" decoding=\"async\" class=\"wp-image-238 aligncenter\" src=\"http:\/\/promlek.pl\/wp-content\/uploads\/2019\/05\/IMG_0163-300x225.jpg\" alt=\"\" width=\"417\" height=\"312\" srcset=\"https:\/\/promlek.pl\/wp-content\/uploads\/2019\/05\/IMG_0163-300x225.jpg 300w, https:\/\/promlek.pl\/wp-content\/uploads\/2019\/05\/IMG_0163-768x576.jpg 768w, https:\/\/promlek.pl\/wp-content\/uploads\/2019\/05\/IMG_0163-1024x768.jpg 1024w\" sizes=\"auto, (max-width: 417px) 100vw, 417px\" \/><img loading=\"lazy\" decoding=\"async\" class=\"alignnone  wp-image-241\" src=\"http:\/\/promlek.pl\/wp-content\/uploads\/2019\/05\/IMG_0170-e1559221991209-225x300.jpg\" alt=\"\" width=\"272\" height=\"363\" srcset=\"https:\/\/promlek.pl\/wp-content\/uploads\/2019\/05\/IMG_0170-e1559221991209-225x300.jpg 225w, https:\/\/promlek.pl\/wp-content\/uploads\/2019\/05\/IMG_0170-e1559221991209-768x1024.jpg 768w\" sizes=\"auto, (max-width: 272px) 100vw, 272px\" \/><img loading=\"lazy\" decoding=\"async\" class=\"alignnone  wp-image-239\" src=\"http:\/\/promlek.pl\/wp-content\/uploads\/2019\/05\/IMG_0168-e1559222029524-225x300.jpg\" alt=\"\" width=\"272\" height=\"362\" srcset=\"https:\/\/promlek.pl\/wp-content\/uploads\/2019\/05\/IMG_0168-e1559222029524-225x300.jpg 225w, https:\/\/promlek.pl\/wp-content\/uploads\/2019\/05\/IMG_0168-e1559222029524-768x1024.jpg 768w\" sizes=\"auto, (max-width: 272px) 100vw, 272px\" \/><img loading=\"lazy\" decoding=\"async\" class=\"alignnone  wp-image-242\" src=\"http:\/\/promlek.pl\/wp-content\/uploads\/2019\/05\/IMG_0171-e1559221974551-225x300.jpg\" alt=\"\" width=\"274\" height=\"365\" srcset=\"https:\/\/promlek.pl\/wp-content\/uploads\/2019\/05\/IMG_0171-e1559221974551-225x300.jpg 225w, https:\/\/promlek.pl\/wp-content\/uploads\/2019\/05\/IMG_0171-e1559221974551-768x1024.jpg 768w\" sizes=\"auto, (max-width: 274px) 100vw, 274px\" \/><img loading=\"lazy\" decoding=\"async\" class=\"alignnone  wp-image-243\" src=\"http:\/\/promlek.pl\/wp-content\/uploads\/2019\/05\/IMG_0172-e1559221956847-225x300.jpg\" alt=\"\" width=\"275\" height=\"366\" srcset=\"https:\/\/promlek.pl\/wp-content\/uploads\/2019\/05\/IMG_0172-e1559221956847-225x300.jpg 225w, https:\/\/promlek.pl\/wp-content\/uploads\/2019\/05\/IMG_0172-e1559221956847-768x1024.jpg 768w\" sizes=\"auto, (max-width: 275px) 100vw, 275px\" \/><img loading=\"lazy\" decoding=\"async\" class=\"alignnone  wp-image-244\" src=\"http:\/\/promlek.pl\/wp-content\/uploads\/2019\/05\/IMG_0173-e1559221939202-225x300.jpg\" alt=\"\" width=\"276\" height=\"368\" srcset=\"https:\/\/promlek.pl\/wp-content\/uploads\/2019\/05\/IMG_0173-e1559221939202-225x300.jpg 225w, https:\/\/promlek.pl\/wp-content\/uploads\/2019\/05\/IMG_0173-e1559221939202-768x1024.jpg 768w\" sizes=\"auto, (max-width: 276px) 100vw, 276px\" \/><img loading=\"lazy\" decoding=\"async\" class=\"alignnone  wp-image-240\" src=\"http:\/\/promlek.pl\/wp-content\/uploads\/2019\/05\/IMG_0169-e1559222011824-225x300.jpg\" alt=\"\" width=\"276\" height=\"369\" srcset=\"https:\/\/promlek.pl\/wp-content\/uploads\/2019\/05\/IMG_0169-e1559222011824-225x300.jpg 225w, https:\/\/promlek.pl\/wp-content\/uploads\/2019\/05\/IMG_0169-e1559222011824-768x1024.jpg 768w\" sizes=\"auto, (max-width: 276px) 100vw, 276px\" \/><img loading=\"lazy\" decoding=\"async\" class=\"alignnone  wp-image-246\" src=\"http:\/\/promlek.pl\/wp-content\/uploads\/2019\/05\/IMG_0181-e1559221919831-225x300.jpg\" alt=\"\" width=\"273\" height=\"364\" srcset=\"https:\/\/promlek.pl\/wp-content\/uploads\/2019\/05\/IMG_0181-e1559221919831-225x300.jpg 225w, https:\/\/promlek.pl\/wp-content\/uploads\/2019\/05\/IMG_0181-e1559221919831-768x1024.jpg 768w\" sizes=\"auto, (max-width: 273px) 100vw, 273px\" \/><img loading=\"lazy\" decoding=\"async\" class=\"alignnone  wp-image-247\" src=\"http:\/\/promlek.pl\/wp-content\/uploads\/2019\/05\/IMG_0182-e1559221902468-225x300.jpg\" alt=\"\" width=\"273\" height=\"365\" srcset=\"https:\/\/promlek.pl\/wp-content\/uploads\/2019\/05\/IMG_0182-e1559221902468-225x300.jpg 225w, https:\/\/promlek.pl\/wp-content\/uploads\/2019\/05\/IMG_0182-e1559221902468-768x1024.jpg 768w\" sizes=\"auto, (max-width: 273px) 100vw, 273px\" \/><\/p>","protected":false},"excerpt":{"rendered":"<p>Kolejny piknik pod has\u0142em ,, ROSN\u0118 ZDROWO ,PIKNIK Z KOWR &#8221; tym razem w Baszni Dolnej Piknik Radawa w 2018 roku<\/p>\n","protected":false},"author":1,"featured_media":0,"parent":0,"menu_order":0,"comment_status":"closed","ping_status":"closed","template":"","meta":{"footnotes":""},"class_list":["post-68","page","type-page","status-publish","hentry"],"_links":{"self":[{"href":"https:\/\/promlek.pl\/index.php?rest_route=\/wp\/v2\/pages\/68","targetHints":{"allow":["GET"]}}],"collection":[{"href":"https:\/\/promlek.pl\/index.php?rest_route=\/wp\/v2\/pages"}],"about":[{"href":"https:\/\/promlek.pl\/index.php?rest_route=\/wp\/v2\/types\/page"}],"author":[{"embeddable":true,"href":"https:\/\/promlek.pl\/index.php?rest_route=\/wp\/v2\/users\/1"}],"replies":[{"embeddable":true,"href":"https:\/\/promlek.pl\/index.php?rest_route=%2Fwp%2Fv2%2Fcomments&post=68"}],"version-history":[{"count":0,"href":"https:\/\/promlek.pl\/index.php?rest_route=\/wp\/v2\/pages\/68\/revisions"}],"wp:attachment":[{"href":"https:\/\/promlek.pl\/index.php?rest_route=%2Fwp%2Fv2%2Fmedia&parent=68"}],"curies":[{"name":"wp","href":"https:\/\/api.w.org\/{rel}","templated":true}]}}